{"id":22,"date":"2026-04-28T15:52:05","date_gmt":"2026-04-28T18:52:05","guid":{"rendered":"https:\/\/almaestudiopilates.com\/?page_id=22"},"modified":"2026-04-28T16:58:36","modified_gmt":"2026-04-28T19:58:36","slug":"inicio","status":"publish","type":"page","link":"https:\/\/almaestudiopilates.com\/","title":{"rendered":"Inicio"},"content":{"rendered":"<div class=\"et_pb_section_0 et_pb_section et_section_regular et_flex_section alma-hero\">\n<div class=\"et_pb_row_0 et_pb_row et_flex_row alma-hero__row\">\n<div class=\"et_pb_column_0 et_pb_column et-last-child et_flex_column et_pb_css_mix_blend_mode_passthrough et_flex_column_24_24 et_flex_column_24_24_tablet et_flex_column_24_24_phone\">\n<div class=\"et_pb_text_0 et_pb_text et_pb_bg_layout_light et_pb_module et_flex_module alma-hero__chip\"><div class=\"et_pb_text_inner\"><p><span>Pilates en Tucum\u00e1n \u00b7 3 sucursales<\/span><\/p>\n<\/div><\/div>\n\n<div class=\"et_pb_text_1 et_pb_text et_pb_bg_layout_light et_pb_module et_flex_module alma-hero__title\"><div class=\"et_pb_text_inner\"><h1>Un espacio pensado en tu <span class=\"alma-accent\">bienestar<\/span>.<span class=\"sr-only\"> Estudio Alma Pilates en Tucum\u00e1n, Argentina. Tres sucursales con Pilates Reformer y Mat.<\/span><\/h1>\n<\/div><\/div>\n\n<div class=\"et_pb_text_2 et_pb_text et_pb_bg_layout_light et_pb_module et_flex_module alma-hero__subtitle\"><div class=\"et_pb_text_inner\"><p>Prevenimos lesiones musculares, mejoramos las patolog\u00edas existentes y creamos un espacio donde entren\u00e1s y la pas\u00e1s genial.<\/p>\n<\/div><\/div>\n\n<div class=\"et_pb_text_3 et_pb_text et_pb_bg_layout_light et_pb_module et_flex_module alma-hero__ctas\"><div class=\"et_pb_text_inner\"><div class=\"alma-hero__ctas-wrap\">\n  <a href=\"https:\/\/www.tomoturnos.com\/almaestudiopilates\" class=\"alma-hero__cta-primary\" target=\"_blank\" rel=\"noopener\">Reservar mi clase<\/a><br \/>\n  <a href=\"#modalidades\" class=\"alma-hero__cta-secondary\">Conoc\u00e9 el estudio <span class=\"alma-arrow\">\u2192<\/span><\/a>\n<\/div>\n<\/div><\/div>\n<\/div>\n<\/div>\n<\/div>","protected":false},"excerpt":{"rendered":"","protected":false},"author":1,"featured_media":0,"parent":0,"menu_order":0,"comment_status":"closed","ping_status":"closed","template":"","meta":{"footnotes":""},"class_list":["post-22","page","type-page","status-publish","hentry"],"_links":{"self":[{"href":"https:\/\/almaestudiopilates.com\/index.php\/wp-json\/wp\/v2\/pages\/22","targetHints":{"allow":["GET"]}}],"collection":[{"href":"https:\/\/almaestudiopilates.com\/index.php\/wp-json\/wp\/v2\/pages"}],"about":[{"href":"https:\/\/almaestudiopilates.com\/index.php\/wp-json\/wp\/v2\/types\/page"}],"author":[{"embeddable":true,"href":"https:\/\/almaestudiopilates.com\/index.php\/wp-json\/wp\/v2\/users\/1"}],"replies":[{"embeddable":true,"href":"https:\/\/almaestudiopilates.com\/index.php\/wp-json\/wp\/v2\/comments?post=22"}],"version-history":[{"count":8,"href":"https:\/\/almaestudiopilates.com\/index.php\/wp-json\/wp\/v2\/pages\/22\/revisions"}],"predecessor-version":[{"id":57,"href":"https:\/\/almaestudiopilates.com\/index.php\/wp-json\/wp\/v2\/pages\/22\/revisions\/57"}],"wp:attachment":[{"href":"https:\/\/almaestudiopilates.com\/index.php\/wp-json\/wp\/v2\/media?parent=22"}],"curies":[{"name":"wp","href":"https:\/\/api.w.org\/{rel}","templated":true}]}}